{"id":3777,"date":"2015-08-31T15:37:09","date_gmt":"2015-08-31T13:37:09","guid":{"rendered":"https:\/\/jacarandas-international.com\/mentions-legales\/"},"modified":"2020-03-12T17:34:23","modified_gmt":"2020-03-12T16:34:23","slug":"legal-notice","status":"publish","type":"page","link":"https:\/\/jacarandas-international.com\/en\/legal-notice\/","title":{"rendered":"Legal Notice"},"content":{"rendered":"<p>[et_pb_section fb_built=&#8221;1&#8243; custom_padding_last_edited=&#8221;on|desktop&#8221; admin_label=&#8221;section&#8221; _builder_version=&#8221;3.22&#8243; custom_padding_tablet=&#8221;50px|0|50px|0&#8243; transparent_background=&#8221;off&#8221; padding_mobile=&#8221;off&#8221; fb_built=&#8221;1&#8243; _i=&#8221;0&#8243; _address=&#8221;0&#8243;][et_pb_row padding_mobile=&#8221;off&#8221; column_padding_mobile=&#8221;on&#8221; admin_label=&#8221;row&#8221; _builder_version=&#8221;3.25&#8243; background_size=&#8221;initial&#8221; background_position=&#8221;top_left&#8221; background_repeat=&#8221;repeat&#8221; _i=&#8221;0&#8243; _address=&#8221;0.0&#8243;][et_pb_column type=&#8221;4_4&#8243; _builder_version=&#8221;3.25&#8243; custom_padding=&#8221;|||&#8221; column_padding_mobile=&#8221;on&#8221; _i=&#8221;0&#8243; _address=&#8221;0.0.0&#8243; custom_padding__hover=&#8221;|||&#8221;][et_pb_text admin_label=&#8221;Texte&#8221; _builder_version=&#8221;3.27.4&#8243; background_size=&#8221;initial&#8221; background_position=&#8221;top_left&#8221; background_repeat=&#8221;repeat&#8221; hover_enabled=&#8221;0&#8243; use_border_color=&#8221;off&#8221; border_style=&#8221;solid&#8221; _i=&#8221;0&#8243; _address=&#8221;0.0.0.0&#8243;]<\/p>\n<h1>Legal notice<\/h1>\n<p><strong>Website address:<\/strong>\u00a0https:\/\/jacarandas-international.com\/<br \/> <strong>Publisher of the website:<\/strong> Jacarandas International<br \/> <strong>Registered office:<\/strong> Rousset Parc Club, 31 avenue Francis Perrin, 13790 Rousset, France<br \/> <strong>Date of creation in the Sirene Register:<\/strong> RCS Aix-en-Provence<br \/> <strong>Share capital:<\/strong> 40,000\u20ac<br \/> <strong>VAT number:<\/strong> FR36505240416<br \/> <strong>SIRET Registration number:<\/strong> 50524041600022<br \/> <strong>Publication Director:<\/strong> Matthieu RICHARD<br \/> <strong>Contact information :<\/strong><br \/> info@jacarandas-international.com<br \/> Phone : (+33) 4 42 59 91 51<br \/> <strong>Contact information of the host :<\/strong><br \/> OVH SAS, 2 rue Kellermann- 59100 Roubaix \u2013 France<br \/> SAS au capital de 500 000 \u20ac<br \/> Phone number: 1007<\/p>\n<p>The website\u00a0https:\/\/jacarandas-international.com\/ (the Site) is the exclusive property of Jacarandas International.<\/p>\n<p>The consultation of the Site is subject to full acceptance and respect by the Internet users of the following conditions of use.<\/p>\n<p>The Internet user agrees to make personal and non-commercial use of the information contained on the Site. In case of non-compliance with the provisions of this legal notice by the Internet user, his civil and\/or criminal liability may be engaged.<\/p>\n<h2>1. Website content<\/h2>\n<p>The Site is operated by Jacarandas International. It presents the services and products it offers.<\/p>\n<h2>2. Intellectual Property<\/h2>\n<p>In general, the data, programmes, musical samples, texts, information, logos, visual identities, animated and non-animated images and their formats, and videos appearing on the Site are the property of Jacarandas International and are protected as such by the provisions of the Intellectual Property Code.<\/p>\n<p>The Site user agrees not to use them except in the strict framework offered by the Site.<\/p>\n<h2>3. Protection of Personal Data<\/h2>\n<p>The user may be required to provide personal data by answering the forms on the Site. The entry of this data is necessary for the treatment of the user\u2019s request by Jacarandas International.<br \/> Jacarandas International commits itself to comply with the provisions of the Law n \u00b0 78-17 of January 6, 1978 relating to computers, files and amended freedom, and with the Regulation (UE) 2016\/679 of the European Parliament and the Council of April 27, 2016 said \u201cRGPD\u201d, and take all necessary precautions to preserve the security of personal data.<\/p>\n<h3>Treatment manager<\/h3>\n<p>Jacarandas International manages the user\u2019s personal data as data controller.<\/p>\n<h3>Personal data processed and Purposes of treatment<\/h3>\n<p>Jacarandas International collects personal data of user\u2019s of the Site that contact him via the contact form online or via the newsletter. This data is necessary to provide answers to user\u2019s inquiries.<\/p>\n<p>Within the framework of the services he offers, Jacarandas International processes only the following personal data strictly necessary to reply : name, first name, email address, telephone.<\/p>\n<p>The sole purpose of processing this personal data is to enable Jacarandas International to respond to requests from Internet users.<\/p>\n<p>Jacarandas International keeps in writing a register of personal data processed on the Site.<\/p>\n<h3>Recipients of personal data<\/h3>\n<p>The personal data collected on the Site are processed only by the members of Jacarandas International\u2019s team.<\/p>\n<p>Personal data are stored for the most part by hosting servers located in the European Union.<\/p>\n<h3>Retention period of personal data<\/h3>\n<p>Jacarandas International agrees to keep this personal data, unless there is a legal or regulatory obligation to the contrary, for a maximum period of three years from the last contact with the Site user, whether it is at the initiative of Jacarandas International or the Internet user (e.g. sending the newsletter).<\/p>\n<p>At the end of this period or in case of the exercise of his rights by the Internet user, Jacarandas International will destroy any copy of the personal data of the Internet users in his possession.<\/p>\n<h3>Security of personal data<\/h3>\n<p>Jacarandas International undertakes, as part of his obligation of means, to take all useful precautions and implements appropriate technical and organizational measures in this area to ensure an appropriate level of security and to protect the personal data of Internet users against alterations, destruction and non-authorized access.<\/p>\n<h3>Rights of internet users over their personal data<\/h3>\n<p>Internet users have the possibility to exercise their rights of access, rectification, removal, opposition, limitation of processing, portability of their personal data, the right not to be subject to an automated individual decision and the right to revoke their consent, concerning the personal data they provide.<\/p>\n<p>To exercise any of these rights, the request should be sent by email to the following address:\u00a0info@jacarandas-international.com<\/p>\n<p>Jacarandas International commits himself to answer as soon as possible and at the latest within one month from the reception of the request.<\/p>\n<p>If internet users consider that the processing of their personal data constitutes a violation of the l\u00e9gislation, they have the possibility of filing a complaint with the CNIL (Commission Nationale de l\u2019Informatique et des Libert\u00e9s).<\/p>\n<h3>Confidentiality of personal data<\/h3>\n<p>Jacarandas International guarantees the confidentiality of the personal data processed and also ensures that the persons authorized to process the personal data also commit to respect this obligation of confidentiality.<\/p>\n<h2>4. Cookies<\/h2>\n<p>Browsing on the Site is likely to lead to the installation of cookies on the user\u2019s computer.<\/p>\n<p>The data obtained by means of these cookies is intended to facilitate subsequent browsing on the Site and is intended to allow different measures of visitor traffic on the Site.<\/p>\n<p>The user of the Site has the possibility of disabling cookies by going to the options of his browser as indicated below:<\/p>\n<ul>\n<li><a href=\"https:\/\/support.google.com\/chrome\/answer\/95647?hl=fr\" target=\"_blank\" rel=\"noopener noreferrer\">Google Chrome<\/a><\/li>\n<li><a href=\"https:\/\/support.mozilla.org\/fr\/kb\/activer-desactiver-cookies-preferences?redirectlocale=fr&amp;redirectslug=activer-desactiver-cookies\" target=\"_blank\" rel=\"noopener noreferrer\">Modzilla Firefox<\/a><\/li>\n<li><a href=\"https:\/\/support.apple.com\/kb\/PH17191?viewlocale=fr_FR&amp;locale=en_US\" target=\"_blank\" rel=\"noopener noreferrer\">Safari<\/a><\/li>\n<li><a href=\"http:\/\/help.opera.com\/Windows\/10.20\/fr\/cookies.html\" target=\"_blank\" rel=\"noopener noreferrer\">Opera<\/a><\/li>\n<li><a href=\"https:\/\/support.microsoft.com\/fr-fr\/help\/17442\/windows-internet-explorer-delete-manage-cookies#ie=ie-11\" target=\"_blank\" rel=\"noopener noreferrer\">Internet Explorer<\/a><\/li>\n<li><a href=\"https:\/\/privacy.microsoft.com\/fr-fr\/windows-10-microsoft-edge-and-privacy\" target=\"_blank\" rel=\"noopener noreferrer\">Edge<\/a><\/li>\n<\/ul>\n<h2>5. Google Analytics<\/h2>\n<p>Jacarandas International uses Google Analytics to track users on this Site.<br \/> Cookies are used by Google Analytics to collect this data.<\/p>\n<p>In order to comply with the new regulations, Google has included a change to the data processing that users can view on\u00a0<a href=\"https:\/\/www.google.com\/analytics\/terms\/dpa\/dataprocessingamendment_20130906.html\" target=\"_blank\" rel=\"noopener noreferrer\">the next page<\/a>.<\/p>\n<p>Jacarandas International undertakes to anonymously process the collected data and to disactivate the \u201cdata sharing\u201d.<\/p>\n<h2>6. Comments<\/h2>\n<p>Jacarandas International encourages Internet users to publish comments on the Site. However, comments that are not related to the content of the Site will be considered as spam and therefore deleted. Comments that are offensive or have racist, violent or sexual connotations will also be deleted.<\/p>\n<h2>7. Liability<\/h2>\n<p>Jacarandas International declines all responsibility for any malfunction that may occur on the Site and lead to a loss of data or unavailability of access to information produced on it. Jacarandas International cannot guarantee the completeness and the veracity of the information present on the Site as well as the absence of modification by a third party (intrusion, virus). The Internet user is solely responsible for the use he makes of the content of the Site.<\/p>\n<p>The material presented on the Site is subject to change without notice and is made available to Internet users without any guarantee of any kind, express or implicit.<\/p>\n<p>The presence of hypertext links on the Site does not create a solidarity of responsibility between Jacarandas International and the owners of the other sites, nor for the contents of the sites on which the user is redirected. Only the responsibility of these websites can be engaged.<\/p>\n<p>[\/et_pb_text][\/et_pb_column][\/et_pb_row][\/et_pb_section]<\/p>\n","protected":false},"excerpt":{"rendered":"<p>Legal notice Website address:\u00a0https:\/\/jacarandas-international.com\/ Publisher of the website: Jacarandas International Registered office: Rousset Parc Club, 31 avenue Francis Perrin, 13790 Rousset, France Date of creation in the Sirene Register: RCS Aix-en-Provence Share capital: 40,000\u20ac VAT number: FR36505240416 SIRET Registration number: 50524041600022 Publication Director: Matthieu RICHARD Contact information : info@jacarandas-international.com Phone : (+33) 4 42 59 [&hellip;]<\/p>\n","protected":false},"author":3,"featured_media":0,"parent":0,"menu_order":0,"comment_status":"closed","ping_status":"closed","template":"","meta":{"_et_pb_use_builder":"on","_et_pb_old_content":"<p>Le site web \u00ab jacarandas-international.com \u00bb est \u00e9dit\u00e9 par\u00a0Romain OLIVIER<\/p><p><strong>Directeur de publication :<\/strong>\u00a0Matthieu Richard<\/p><p><strong>Mention de droits r\u00e9serv\u00e9s :<\/strong>\u00a0Conform\u00e9ment \u00e0 la Loi \u00ab Informatique et Libert\u00e9s \u00bb n\u00ba 78-17 du 6 janvier 1978, les informations vous concernant sont destin\u00e9es au site de Jacarandas International, responsables du traitement. Vous disposez d\u2019un droit d\u2019acc\u00e8s, de rectification et de suppression des donn\u00e9es qui vous concernent. Vous pouvez l\u2019exercer en adressant un e-mail par le\u00a0<a title=\"Contact\" href=\"https:\/\/jacarandas-international.com\/contact\/\">formulaire de contact<\/a>.<\/p><p>> En poursuivant votre visite de notre site vous acceptez de respecter les restrictions ci-dessus.<\/p><p>> Aucune reproduction, m\u00eame partielle, autres que celles pr\u00e9vues \u00e0 l\u2019article L 122-5 du code de la propri\u00e9t\u00e9 intellectuelle, ne peut \u00eatre faite pour d\u2019autres utilisations.<\/p><p>> Droits de reproduction et de diffusion r\u00e9serv\u00e9s \u00a9 jacarandas-international.com<\/p><p><strong>H\u00e9bergeur des services :<\/strong><br \/> OVH SAS, 2 rue Kellermann- 59100 Roubaix \u2013 France<br \/> SAS au capital de 500 000 \u20ac<br \/> RCS Roubaix \u2013 Tourcoing 424 761 419 00011<\/p><p><strong>Cr\u00e9dits photo :<\/strong> Fotolia<\/p><p><strong>R\u00e9alisation du site Internet :<\/strong><br \/> Romain OLIVIER<br \/> T\u00e9l\u00e9phone : +33.(6) 35 51 51 02<\/p>","_et_gb_content_width":"","inline_featured_image":false,"footnotes":""},"class_list":["post-3777","page","type-page","status-publish","hentry"],"yoast_head":"<!-- This site is optimized with the Yoast SEO plugin v25.1 - https:\/\/yoast.com\/wordpress\/plugins\/seo\/ -->\n<title>Legal Notice - Jacarandas International<\/title>\n<meta name=\"robots\" content=\"index, follow, max-snippet:-1, max-image-preview:large, max-video-preview:-1\" \/>\n<link rel=\"canonical\" href=\"https:\/\/jacarandas-international.com\/en\/legal-notice\/\" \/>\n<meta property=\"og:locale\" content=\"en_US\" \/>\n<meta property=\"og:type\" content=\"article\" \/>\n<meta property=\"og:title\" content=\"Legal Notice - Jacarandas International\" \/>\n<meta property=\"og:description\" content=\"Legal notice Website address:\u00a0https:\/\/jacarandas-international.com\/ Publisher of the website: Jacarandas International Registered office: Rousset Parc Club, 31 avenue Francis Perrin, 13790 Rousset, France Date of creation in the Sirene Register: RCS Aix-en-Provence Share capital: 40,000\u20ac VAT number: FR36505240416 SIRET Registration number: 50524041600022 Publication Director: Matthieu RICHARD Contact information : info@jacarandas-international.com Phone : (+33) 4 42 59 [&hellip;]\" \/>\n<meta property=\"og:url\" content=\"https:\/\/jacarandas-international.com\/en\/legal-notice\/\" \/>\n<meta property=\"og:site_name\" content=\"Jacarandas International\" \/>\n<meta property=\"article:modified_time\" content=\"2020-03-12T16:34:23+00:00\" \/>\n<meta property=\"og:image\" content=\"https:\/\/jacarandas-international.com\/wp-content\/uploads\/2012\/06\/jacarandaslogoFBheader.jpg\" \/>\n\t<meta property=\"og:image:width\" content=\"185\" \/>\n\t<meta property=\"og:image:height\" content=\"66\" \/>\n\t<meta property=\"og:image:type\" content=\"image\/jpeg\" \/>\n<meta name=\"twitter:label1\" content=\"Est. reading time\" \/>\n\t<meta name=\"twitter:data1\" content=\"6 minutes\" \/>\n<script type=\"application\/ld+json\" class=\"yoast-schema-graph\">{\"@context\":\"https:\/\/schema.org\",\"@graph\":[{\"@type\":\"WebPage\",\"@id\":\"https:\/\/jacarandas-international.com\/en\/legal-notice\/\",\"url\":\"https:\/\/jacarandas-international.com\/en\/legal-notice\/\",\"name\":\"Legal Notice - Jacarandas International\",\"isPartOf\":{\"@id\":\"https:\/\/jacarandas-international.com\/en\/#website\"},\"datePublished\":\"2015-08-31T13:37:09+00:00\",\"dateModified\":\"2020-03-12T16:34:23+00:00\",\"breadcrumb\":{\"@id\":\"https:\/\/jacarandas-international.com\/en\/legal-notice\/#breadcrumb\"},\"inLanguage\":\"en-US\",\"potentialAction\":[{\"@type\":\"ReadAction\",\"target\":[\"https:\/\/jacarandas-international.com\/en\/legal-notice\/\"]}]},{\"@type\":\"BreadcrumbList\",\"@id\":\"https:\/\/jacarandas-international.com\/en\/legal-notice\/#breadcrumb\",\"itemListElement\":[{\"@type\":\"ListItem\",\"position\":1,\"name\":\"Home\",\"item\":\"https:\/\/jacarandas-international.com\/en\/\"},{\"@type\":\"ListItem\",\"position\":2,\"name\":\"Legal Notice\"}]},{\"@type\":\"WebSite\",\"@id\":\"https:\/\/jacarandas-international.com\/en\/#website\",\"url\":\"https:\/\/jacarandas-international.com\/en\/\",\"name\":\"Jacarandas International\",\"description\":\"Huiles Essentielles de Madagascar\",\"potentialAction\":[{\"@type\":\"SearchAction\",\"target\":{\"@type\":\"EntryPoint\",\"urlTemplate\":\"https:\/\/jacarandas-international.com\/en\/?s={search_term_string}\"},\"query-input\":{\"@type\":\"PropertyValueSpecification\",\"valueRequired\":true,\"valueName\":\"search_term_string\"}}],\"inLanguage\":\"en-US\"}]}<\/script>\n<!-- \/ Yoast SEO plugin. -->","yoast_head_json":{"title":"Legal Notice - Jacarandas International","robots":{"index":"index","follow":"follow","max-snippet":"max-snippet:-1","max-image-preview":"max-image-preview:large","max-video-preview":"max-video-preview:-1"},"canonical":"https:\/\/jacarandas-international.com\/en\/legal-notice\/","og_locale":"en_US","og_type":"article","og_title":"Legal Notice - Jacarandas International","og_description":"Legal notice Website address:\u00a0https:\/\/jacarandas-international.com\/ Publisher of the website: Jacarandas International Registered office: Rousset Parc Club, 31 avenue Francis Perrin, 13790 Rousset, France Date of creation in the Sirene Register: RCS Aix-en-Provence Share capital: 40,000\u20ac VAT number: FR36505240416 SIRET Registration number: 50524041600022 Publication Director: Matthieu RICHARD Contact information : info@jacarandas-international.com Phone : (+33) 4 42 59 [&hellip;]","og_url":"https:\/\/jacarandas-international.com\/en\/legal-notice\/","og_site_name":"Jacarandas International","article_modified_time":"2020-03-12T16:34:23+00:00","og_image":[{"width":185,"height":66,"url":"https:\/\/jacarandas-international.com\/wp-content\/uploads\/2012\/06\/jacarandaslogoFBheader.jpg","type":"image\/jpeg"}],"twitter_misc":{"Est. reading time":"6 minutes"},"schema":{"@context":"https:\/\/schema.org","@graph":[{"@type":"WebPage","@id":"https:\/\/jacarandas-international.com\/en\/legal-notice\/","url":"https:\/\/jacarandas-international.com\/en\/legal-notice\/","name":"Legal Notice - Jacarandas International","isPartOf":{"@id":"https:\/\/jacarandas-international.com\/en\/#website"},"datePublished":"2015-08-31T13:37:09+00:00","dateModified":"2020-03-12T16:34:23+00:00","breadcrumb":{"@id":"https:\/\/jacarandas-international.com\/en\/legal-notice\/#breadcrumb"},"inLanguage":"en-US","potentialAction":[{"@type":"ReadAction","target":["https:\/\/jacarandas-international.com\/en\/legal-notice\/"]}]},{"@type":"BreadcrumbList","@id":"https:\/\/jacarandas-international.com\/en\/legal-notice\/#breadcrumb","itemListElement":[{"@type":"ListItem","position":1,"name":"Home","item":"https:\/\/jacarandas-international.com\/en\/"},{"@type":"ListItem","position":2,"name":"Legal Notice"}]},{"@type":"WebSite","@id":"https:\/\/jacarandas-international.com\/en\/#website","url":"https:\/\/jacarandas-international.com\/en\/","name":"Jacarandas International","description":"Huiles Essentielles de Madagascar","potentialAction":[{"@type":"SearchAction","target":{"@type":"EntryPoint","urlTemplate":"https:\/\/jacarandas-international.com\/en\/?s={search_term_string}"},"query-input":{"@type":"PropertyValueSpecification","valueRequired":true,"valueName":"search_term_string"}}],"inLanguage":"en-US"}]}},"publishpress_future_action":{"enabled":false,"date":"2026-04-14 05:59:58","action":"change-status","newStatus":"draft","terms":[],"taxonomy":"translation_priority"},"publishpress_future_workflow_manual_trigger":{"enabledWorkflows":[]},"_links":{"self":[{"href":"https:\/\/jacarandas-international.com\/en\/wp-json\/wp\/v2\/pages\/3777","targetHints":{"allow":["GET"]}}],"collection":[{"href":"https:\/\/jacarandas-international.com\/en\/wp-json\/wp\/v2\/pages"}],"about":[{"href":"https:\/\/jacarandas-international.com\/en\/wp-json\/wp\/v2\/types\/page"}],"author":[{"embeddable":true,"href":"https:\/\/jacarandas-international.com\/en\/wp-json\/wp\/v2\/users\/3"}],"replies":[{"embeddable":true,"href":"https:\/\/jacarandas-international.com\/en\/wp-json\/wp\/v2\/comments?post=3777"}],"version-history":[{"count":5,"href":"https:\/\/jacarandas-international.com\/en\/wp-json\/wp\/v2\/pages\/3777\/revisions"}],"predecessor-version":[{"id":3806,"href":"https:\/\/jacarandas-international.com\/en\/wp-json\/wp\/v2\/pages\/3777\/revisions\/3806"}],"wp:attachment":[{"href":"https:\/\/jacarandas-international.com\/en\/wp-json\/wp\/v2\/media?parent=3777"}],"curies":[{"name":"wp","href":"https:\/\/api.w.org\/{rel}","templated":true}]}}