{"id":114,"date":"2012-05-24T10:43:44","date_gmt":"2012-05-24T08:43:44","guid":{"rendered":"http:\/\/jacarandas-international.com\/?page_id=114"},"modified":"2020-03-06T16:12:19","modified_gmt":"2020-03-06T15:12:19","slug":"quality","status":"publish","type":"page","link":"https:\/\/jacarandas-international.com\/en\/quality\/","title":{"rendered":"Quality"},"content":{"rendered":"<p>[et_pb_section fb_built=&#8221;1&#8243; fullwidth=&#8221;on&#8221; _builder_version=&#8221;3.27.4&#8243; fb_built=&#8221;1&#8243; _i=&#8221;0&#8243; _address=&#8221;0&#8243;][et_pb_fullwidth_header title=&#8221;Quality&#8221; text_orientation=&#8221;center&#8221; logo_image_url=&#8221;https:\/\/jacarandas-international.com\/wp-content\/uploads\/2019\/09\/icone-jaca1.png&#8221; disabled_on=&#8221;off|off|off&#8221; _builder_version=&#8221;3.27.4&#8243; title_font=&#8221;|300||on|||||&#8221; title_font_size=&#8221;26px&#8221; background_enable_color=&#8221;off&#8221; use_background_color_gradient=&#8221;on&#8221; background_color_gradient_start=&#8221;rgba(0,0,0,0)&#8221; background_color_gradient_end=&#8221;rgba(0,0,0,0.23)&#8221; background_color_gradient_overlays_image=&#8221;on&#8221; background_image=&#8221;https:\/\/jacarandas-international.com\/wp-content\/uploads\/2019\/10\/balance.jpg&#8221; background_position=&#8221;bottom_center&#8221; custom_padding=&#8221;350px||50px||false|false&#8221; custom_padding_phone=&#8221;200px||||false|false&#8221; custom_padding_last_edited=&#8221;on|phone&#8221; title_font_size_phone=&#8221;20px&#8221; title_font_size_last_edited=&#8221;on|phone&#8221; custom_css_logo=&#8221;max-width:45px;||padding-bottom:10px;&#8221; _i=&#8221;0&#8243; _address=&#8221;0.0&#8243;][\/et_pb_fullwidth_header][\/et_pb_section][et_pb_section fb_built=&#8221;1&#8243; custom_padding_last_edited=&#8221;on|desktop&#8221; admin_label=&#8221;section&#8221; _builder_version=&#8221;3.27.4&#8243; background_enable_color=&#8221;off&#8221; background_enable_image=&#8221;off&#8221; background_size=&#8221;contain&#8221; background_position=&#8221;bottom_right&#8221; custom_margin=&#8221;||0px||false|false&#8221; custom_margin_last_edited=&#8221;on|tablet&#8221; custom_padding=&#8221;0px||0px|||&#8221; custom_padding_tablet=&#8221;50px|0|0px|0|false|false&#8221; transparent_background=&#8221;off&#8221; make_fullwidth=&#8221;off&#8221; use_custom_width=&#8221;off&#8221; width_unit=&#8221;on&#8221; custom_width_px=&#8221;1080px&#8221; custom_width_percent=&#8221;80%&#8221; fb_built=&#8221;1&#8243; _i=&#8221;1&#8243; _address=&#8221;1&#8243;][et_pb_row column_structure=&#8221;1_2,1_2&#8243; use_custom_gutter=&#8221;on&#8221; padding_mobile=&#8221;off&#8221; make_equal=&#8221;on&#8221; column_padding_mobile=&#8221;on&#8221; admin_label=&#8221;row&#8221; _builder_version=&#8221;3.27.4&#8243; background_size=&#8221;initial&#8221; background_position=&#8221;top_left&#8221; background_repeat=&#8221;repeat&#8221; min_height=&#8221;800px&#8221; min_height_last_edited=&#8221;on|phone&#8221; custom_margin_tablet=&#8221;||||false|false&#8221; custom_margin_last_edited=&#8221;on|tablet&#8221; custom_padding=&#8221;0px||0px|||&#8221; make_fullwidth=&#8221;off&#8221; use_custom_width=&#8221;off&#8221; width_unit=&#8221;off&#8221; custom_width_px=&#8221;1080px&#8221; custom_width_percent=&#8221;80%&#8221; _i=&#8221;0&#8243; _address=&#8221;1.0&#8243;][et_pb_column type=&#8221;1_2&#8243; _builder_version=&#8221;3.27.4&#8243; custom_padding=&#8221;|||&#8221; custom_css_main_element=&#8221;margin:auto;&#8221; column_padding_mobile=&#8221;on&#8221; _i=&#8221;0&#8243; _address=&#8221;1.0.0&#8243; custom_padding__hover=&#8221;|||&#8221;][et_pb_text admin_label=&#8221;JACARANDAS (Madagascar)&#8221; _builder_version=&#8221;3.27.4&#8243; header_2_font=&#8221;|300|||||||&#8221; background_size=&#8221;initial&#8221; background_position=&#8221;top_left&#8221; background_repeat=&#8221;repeat&#8221; use_border_color=&#8221;off&#8221; border_style=&#8221;solid&#8221; _i=&#8221;0&#8243; _address=&#8221;1.0.0.0&#8243;]<\/p>\n<h2><strong>Our commitment<\/strong> to the quality of our raw materials and 100% pure and natural essential oils is total<\/h2>\n<p>We\u2019ve implemented rigorous control procedures according to GMP (Good Manufacturing Processes):<\/p>\n<ul>\n<li>In raw materials during cultivation<\/li>\n<li>In semi-finished products during distillation<\/li>\n<li>In products packaged for export. <\/li>\n<\/ul>\n<p>[\/et_pb_text][\/et_pb_column][et_pb_column type=&#8221;1_2&#8243; _builder_version=&#8221;3.27.4&#8243; background_image=&#8221;https:\/\/jacarandas-international.com\/wp-content\/uploads\/2019\/10\/Goutte2.jpg&#8221; custom_padding=&#8221;0px||300px||false|false&#8221; custom_padding_tablet=&#8221;||0px||false|false&#8221; custom_padding_last_edited=&#8221;on|tablet&#8221; background_last_edited=&#8221;on|phone&#8221; background_enable_image_tablet=&#8221;off&#8221; column_padding_mobile=&#8221;on&#8221; _i=&#8221;1&#8243; _address=&#8221;1.0.1&#8243; custom_padding__hover=&#8221;|||&#8221;][et_pb_image src=&#8221;https:\/\/jacarandas-international.com\/wp-content\/uploads\/2019\/10\/Goutte2.jpg&#8221; alt=&#8221;La qualit\u00e9 chez Jacarandas International : GMP, HACPP et ISO&#8221; disabled_on=&#8221;off|off|on&#8221; _builder_version=&#8221;3.27.4&#8243; _i=&#8221;0&#8243; _address=&#8221;1.0.1.0&#8243;][\/et_pb_image][\/et_pb_column][\/et_pb_row][\/et_pb_section][et_pb_section fb_built=&#8221;1&#8243; custom_padding_last_edited=&#8221;on|tablet&#8221; admin_label=&#8221;section&#8221; _builder_version=&#8221;3.27.4&#8243; background_enable_color=&#8221;off&#8221; custom_padding=&#8221;0px||0px|||&#8221; custom_padding_tablet=&#8221;0px|0|0px|0|false|false&#8221; transparent_background=&#8221;off&#8221; make_fullwidth=&#8221;off&#8221; use_custom_width=&#8221;off&#8221; width_unit=&#8221;on&#8221; custom_width_px=&#8221;1080px&#8221; custom_width_percent=&#8221;80%&#8221; fb_built=&#8221;1&#8243; _i=&#8221;2&#8243; _address=&#8221;2&#8243;][et_pb_row column_structure=&#8221;3_5,2_5&#8243; use_custom_gutter=&#8221;on&#8221; gutter_width=&#8221;1&#8243; make_equal=&#8221;on&#8221; column_padding_mobile=&#8221;on&#8221; admin_label=&#8221;Ligne&#8221; _builder_version=&#8221;3.27.4&#8243; background_color=&#8221;#ede24c&#8221; background_size=&#8221;initial&#8221; background_position=&#8221;top_left&#8221; background_repeat=&#8221;repeat&#8221; width=&#8221;100%&#8221; max_width=&#8221;2560px&#8221; min_height=&#8221;591px&#8221; custom_padding=&#8221;0px||0px||false|false&#8221; make_fullwidth=&#8221;off&#8221; use_custom_width=&#8221;off&#8221; width_unit=&#8221;off&#8221; custom_width_px=&#8221;1080px&#8221; custom_width_percent=&#8221;80%&#8221; _i=&#8221;0&#8243; _address=&#8221;2.0&#8243;][et_pb_column type=&#8221;3_5&#8243; _builder_version=&#8221;3.27.4&#8243; background_image=&#8221;https:\/\/jacarandas-international.com\/wp-content\/uploads\/2019\/10\/qualite-nez3.jpg&#8221; background_position=&#8221;center_right&#8221; custom_padding=&#8221;||||false|false&#8221; animation_style=&#8221;fade&#8221; animation_delay=&#8221;800ms&#8221; background_last_edited=&#8221;on|tablet&#8221; background_enable_image_tablet=&#8221;off&#8221; column_padding_mobile=&#8221;on&#8221; _i=&#8221;0&#8243; _address=&#8221;2.0.0&#8243; custom_padding__hover=&#8221;|||&#8221;][et_pb_image src=&#8221;https:\/\/jacarandas-international.com\/wp-content\/uploads\/2019\/10\/qualite-nez3.jpg&#8221; alt=&#8221;La qualit\u00e9 chez Jacarandas International : GMP, HACPP et ISO&#8221; disabled_on=&#8221;off|off|on&#8221; _builder_version=&#8221;3.27.4&#8243; _i=&#8221;0&#8243; _address=&#8221;2.0.0.0&#8243;][\/et_pb_image][\/et_pb_column][et_pb_column type=&#8221;2_5&#8243; _builder_version=&#8221;3.27.4&#8243; background_color=&#8221;#ede24c&#8221; custom_padding=&#8221;100px|150px|100px||false|false&#8221; custom_padding_tablet=&#8221;40px|40px|40px|40px|false|false&#8221; custom_padding_last_edited=&#8221;on|tablet&#8221; column_padding_mobile=&#8221;on&#8221; _i=&#8221;1&#8243; _address=&#8221;2.0.1&#8243; custom_padding__hover=&#8221;|||&#8221;][et_pb_text admin_label=&#8221;Grossiste \u00e9pices de Madagascar&#8221; _builder_version=&#8221;3.27.4&#8243; header_2_font=&#8221;|300|||||||&#8221; header_3_font=&#8221;|||on|||||&#8221; header_3_font_size=&#8221;15px&#8221; header_3_letter_spacing=&#8221;1px&#8221; background_size=&#8221;initial&#8221; background_position=&#8221;top_left&#8221; background_repeat=&#8221;repeat&#8221; width=&#8221;81%&#8221; use_border_color=&#8221;off&#8221; border_style=&#8221;solid&#8221; _i=&#8221;0&#8243; _address=&#8221;2.0.1.0&#8243;]<\/p>\n<h2 style=\"text-align: left;\"><strong>Quality controls<\/strong> based on chemical and organoleptic analyses<\/h2>\n<p>&nbsp;<\/p>\n<p>[\/et_pb_text][et_pb_text admin_label=&#8221;Grossiste \u00e9pices de Madagascar&#8221; _builder_version=&#8221;3.27.4&#8243; text_text_color=&#8221;#353535&#8243; header_2_font=&#8221;|300|||||||&#8221; header_3_font=&#8221;|600||on|||||&#8221; header_3_font_size=&#8221;15px&#8221; header_3_letter_spacing=&#8221;1px&#8221; background_size=&#8221;initial&#8221; background_position=&#8221;top_left&#8221; background_repeat=&#8221;repeat&#8221; custom_padding=&#8221;||23px|||&#8221; use_border_color=&#8221;off&#8221; border_style=&#8221;solid&#8221; _i=&#8221;1&#8243; _address=&#8221;2.0.1.1&#8243;]<\/p>\n<h3>CHEMICAL ANALYSES<\/h3>\n<ul>\n<li>C.P.G. analyses<\/li>\n<li>Density<\/li>\n<li>Pesticide analyses<\/li>\n<\/ul>\n<h3>OLFACTORY TEST<\/h3>\n<p>Conducted by our professional NOSE<\/p>\n<p>Thanks to these different analyses, all our manufacturing processes meet the HACCP and ISO 22000 standards. Our high-quality essential oils are 100% pure and natural*.<\/p>\n<p>[\/et_pb_text][\/et_pb_column][\/et_pb_row][\/et_pb_section][et_pb_section fb_built=&#8221;1&#8243; custom_padding_last_edited=&#8221;on|desktop&#8221; admin_label=&#8221;section&#8221; _builder_version=&#8221;3.27.4&#8243; background_color=&#8221;#FFFFFF&#8221; custom_padding_tablet=&#8221;50px|0|50px|0&#8243; transparent_background=&#8221;off&#8221; padding_mobile=&#8221;off&#8221; make_fullwidth=&#8221;off&#8221; use_custom_width=&#8221;off&#8221; width_unit=&#8221;on&#8221; custom_width_px=&#8221;1080px&#8221; custom_width_percent=&#8221;80%&#8221; fb_built=&#8221;1&#8243; _i=&#8221;3&#8243; _address=&#8221;3&#8243;][et_pb_row _builder_version=&#8221;3.27.4&#8243; _i=&#8221;0&#8243; _address=&#8221;3.0&#8243;][et_pb_column type=&#8221;4_4&#8243; _builder_version=&#8221;3.27.4&#8243; _i=&#8221;0&#8243; _address=&#8221;3.0.0&#8243;][et_pb_text _builder_version=&#8221;3.27.4&#8243; text_font=&#8221;|300|||||||&#8221; text_font_size=&#8221;16px&#8221; text_line_height=&#8221;1.5em&#8221; header_2_font=&#8221;|300|||||||&#8221; text_orientation=&#8221;center&#8221; custom_margin=&#8221;-3px||||false|false&#8221; _i=&#8221;0&#8243; _address=&#8221;3.0.0.0&#8243;]<\/p>\n<h2>We work with the <strong>laboratories<\/strong><\/h2>\n<p>[\/et_pb_text][\/et_pb_column][\/et_pb_row][et_pb_row column_structure=&#8221;1_2,1_2&#8243; use_custom_gutter=&#8221;on&#8221; gutter_width=&#8221;4&#8243; _builder_version=&#8221;3.27.4&#8243; width=&#8221;35%&#8221; width_phone=&#8221;100%&#8221; width_last_edited=&#8221;on|tablet&#8221; _i=&#8221;1&#8243; _address=&#8221;3.1&#8243;][et_pb_column type=&#8221;1_2&#8243; _builder_version=&#8221;3.27.4&#8243; _i=&#8221;0&#8243; _address=&#8221;3.1.0&#8243;][et_pb_image src=&#8221;https:\/\/jacarandas-international.com\/wp-content\/uploads\/2019\/10\/logo_Phytocontrol.jpg&#8221; alt=&#8221;Phytocontrol&#8221; url=&#8221;http:\/\/www.phytocontrol.com\/&#8221; url_new_window=&#8221;on&#8221; align=&#8221;center&#8221; _builder_version=&#8221;3.27.4&#8243; width=&#8221;250px&#8221; _i=&#8221;0&#8243; _address=&#8221;3.1.0.0&#8243;][\/et_pb_image][\/et_pb_column][et_pb_column type=&#8221;1_2&#8243; _builder_version=&#8221;3.27.4&#8243; _i=&#8221;1&#8243; _address=&#8221;3.1.1&#8243;][et_pb_image src=&#8221;https:\/\/jacarandas-international.com\/wp-content\/uploads\/2019\/10\/logo_Primoris.jpg&#8221; alt=&#8221;Primoris&#8221; url=&#8221;http:\/\/www.primoris-lab.fr\/en&#8221; url_new_window=&#8221;on&#8221; align=&#8221;center&#8221; _builder_version=&#8221;3.27.4&#8243; width=&#8221;250px&#8221; _i=&#8221;0&#8243; _address=&#8221;3.1.1.0&#8243;][\/et_pb_image][\/et_pb_column][\/et_pb_row][\/et_pb_section][et_pb_section fb_built=&#8221;1&#8243; custom_padding_last_edited=&#8221;on|desktop&#8221; admin_label=&#8221;section&#8221; _builder_version=&#8221;3.27.4&#8243; background_color=&#8221;#e8e8e8&#8243; custom_padding_tablet=&#8221;50px|0|50px|0&#8243; transparent_background=&#8221;off&#8221; padding_mobile=&#8221;off&#8221; make_fullwidth=&#8221;off&#8221; use_custom_width=&#8221;off&#8221; width_unit=&#8221;on&#8221; custom_width_px=&#8221;1080px&#8221; custom_width_percent=&#8221;80%&#8221; fb_built=&#8221;1&#8243; _i=&#8221;4&#8243; _address=&#8221;4&#8243;][et_pb_row _builder_version=&#8221;3.27.4&#8243; _i=&#8221;0&#8243; _address=&#8221;4.0&#8243;][et_pb_column type=&#8221;4_4&#8243; _builder_version=&#8221;3.27.4&#8243; _i=&#8221;0&#8243; _address=&#8221;4.0.0&#8243;][et_pb_text _builder_version=&#8221;3.27.4&#8243; text_font=&#8221;|300|||||||&#8221; text_font_size=&#8221;16px&#8221; text_line_height=&#8221;1.5em&#8221; header_2_font=&#8221;|300|||||||&#8221; text_orientation=&#8221;center&#8221; custom_margin=&#8221;-3px||||false|false&#8221; _i=&#8221;0&#8243; _address=&#8221;4.0.0.0&#8243;]<\/p>\n<h2><strong>*Our products are Pure and Natural<\/strong>, this means:<\/h2>\n<p>[\/et_pb_text][\/et_pb_column][\/et_pb_row][et_pb_row column_structure=&#8221;1_5,1_5,1_5,1_5,1_5&#8243; _builder_version=&#8221;3.27.4&#8243; _i=&#8221;1&#8243; _address=&#8221;4.1&#8243;][et_pb_column type=&#8221;1_5&#8243; _builder_version=&#8221;3.27.4&#8243; _i=&#8221;0&#8243; _address=&#8221;4.1.0&#8243;][et_pb_blurb image=&#8221;https:\/\/jacarandas-international.com\/wp-content\/uploads\/2019\/10\/pictos-leaf.png&#8221; _builder_version=&#8221;3.27.4&#8243; body_text_align=&#8221;center&#8221; body_text_color=&#8221;#545454&#8243; body_font_size=&#8221;16px&#8221; animation_style=&#8221;zoom&#8221; custom_css_blurb_image=&#8221;margin-bottom:28px;&#8221; _i=&#8221;0&#8243; _address=&#8221;4.1.0.0&#8243;]<\/p>\n<p>They consist of <strong>active ingredients<\/strong> of <strong>plant origin only<\/strong>, without adulteration of materials.<\/p>\n<p>[\/et_pb_blurb][\/et_pb_column][et_pb_column type=&#8221;1_5&#8243; _builder_version=&#8221;3.27.4&#8243; _i=&#8221;1&#8243; _address=&#8221;4.1.1&#8243;][et_pb_blurb use_icon=&#8221;on&#8221; font_icon=&#8221;%%259%%&#8221; icon_color=&#8221;#7cda24&#8243; use_icon_font_size=&#8221;on&#8221; icon_font_size=&#8221;51px&#8221; _builder_version=&#8221;3.27.4&#8243; body_text_align=&#8221;center&#8221; body_text_color=&#8221;#545454&#8243; body_font_size=&#8221;16px&#8221; animation_style=&#8221;zoom&#8221; animation_delay=&#8221;500ms&#8221; custom_css_blurb_image=&#8221;margin-bottom:28px;&#8221; _i=&#8221;0&#8243; _address=&#8221;4.1.1.0&#8243;]<\/p>\n<p>They are harvested at source, <strong>as close as possible to producers.<\/strong><\/p>\n<p>[\/et_pb_blurb][\/et_pb_column][et_pb_column type=&#8221;1_5&#8243; _builder_version=&#8221;3.27.4&#8243; _i=&#8221;2&#8243; _address=&#8221;4.1.2&#8243;][et_pb_blurb use_icon=&#8221;on&#8221; font_icon=&#8221;%%96%%&#8221; icon_color=&#8221;#7cda24&#8243; use_icon_font_size=&#8221;on&#8221; icon_font_size=&#8221;51px&#8221; _builder_version=&#8221;3.27.4&#8243; body_text_align=&#8221;center&#8221; body_text_color=&#8221;#545454&#8243; body_font_size=&#8221;16px&#8221; animation_style=&#8221;zoom&#8221; animation_delay=&#8221;1000ms&#8221; _i=&#8221;0&#8243; _address=&#8221;4.1.2.0&#8243;]<\/p>\n<p>They operate <strong>in rhythm with the harvests<\/strong>.<\/p>\n<p>[\/et_pb_blurb][\/et_pb_column][et_pb_column type=&#8221;1_5&#8243; _builder_version=&#8221;3.27.4&#8243; _i=&#8221;3&#8243; _address=&#8221;4.1.3&#8243;][et_pb_blurb use_icon=&#8221;on&#8221; font_icon=&#8221;%%99%%&#8221; icon_color=&#8221;#7cda24&#8243; use_icon_font_size=&#8221;on&#8221; icon_font_size=&#8221;51px&#8221; _builder_version=&#8221;3.27.4&#8243; body_text_align=&#8221;center&#8221; body_text_color=&#8221;#545454&#8243; body_font_size=&#8221;16px&#8221; animation_style=&#8221;zoom&#8221; animation_delay=&#8221;1500ms&#8221; custom_css_blurb_image=&#8221;margin-bottom:28px;&#8221; _i=&#8221;0&#8243; _address=&#8221;4.1.3.0&#8243;]<\/p>\n<p><strong>Environmentally<\/strong> friendly.<\/p>\n<p>[\/et_pb_blurb][\/et_pb_column][et_pb_column type=&#8221;1_5&#8243; _builder_version=&#8221;3.27.4&#8243; _i=&#8221;4&#8243; _address=&#8221;4.1.4&#8243;][et_pb_blurb image=&#8221;https:\/\/jacarandas-international.com\/wp-content\/uploads\/2019\/10\/zero-pourcent3.png&#8221; _builder_version=&#8221;3.27.4&#8243; body_text_align=&#8221;center&#8221; body_text_color=&#8221;#545454&#8243; body_font_size=&#8221;16px&#8221; animation_style=&#8221;zoom&#8221; animation_delay=&#8221;2000ms&#8221; custom_css_blurb_image=&#8221;margin-bottom:28px;&#8221; _i=&#8221;0&#8243; _address=&#8221;4.1.4.0&#8243;]<\/p>\n<p><strong>Free<\/strong> from colourings, chemicals and raw materials of animal origin.<\/p>\n<p>[\/et_pb_blurb][\/et_pb_column][\/et_pb_row][\/et_pb_section]<\/p>\n","protected":false},"excerpt":{"rendered":"<p>Our commitment to the quality of our raw materials and 100% pure and natural essential oils is total We\u2019ve implemented rigorous control procedures according to GMP (Good Manufacturing Processes): In raw materials during cultivation In semi-finished products during distillation In products packaged for export. Quality controls based on chemical and organoleptic analyses &nbsp;CHEMICAL ANALYSES C.P.G. [&hellip;]<\/p>\n","protected":false},"author":3,"featured_media":0,"parent":0,"menu_order":0,"comment_status":"closed","ping_status":"open","template":"","meta":{"_et_pb_use_builder":"on","_et_pb_old_content":"<p style=\"text-align: justify;\">Soucieux de la qualit\u00e9 de ses produits, la soci\u00e9t\u00e9 a d\u00e9velopp\u00e9 des proc\u00e9dures de contr\u00f4le rigoureuses sp\u00e9cifiques \u00e0 chaque produit :\u00a0<\/p><p style=\"text-align: justify;\">Epices\u00a0:\u00a0Nous proc\u00e9dons pour chaque lot a des\u00a0analyses microbiologiques, salmonelle, aflatoxine, E. Coli, levures, moisissures, tests\u00a0hydrom\u00e9trique,\u00a0d\u00e9tections des corps \u00e9trangers \/ m\u00e9taux.\u00a0<\/p><p style=\"text-align: justify;\">Huiles Essentielles\u00a0: Analyses C.P.G. , densit\u00e9,\u00a0indice de r\u00e9fraction, pouvoir rotatoir, test olfactif et visuel.<\/p><p style=\"text-align: justify;\">Ces contr\u00f4les\u00a0permettent \u00e0\u00a0JACARANDAS de proposer durablement \u00e0 ses clients des produits\u00a0100% naturels et de\u00a0de haute qualit\u00e9.<\/p><p style=\"text-align: justify;\"><img class=\"alignleft size-full wp-image-534\" title=\"Ecocert\" src=\"https:\/\/jacarandas-international.com\/wp-content\/uploads\/2012\/05\/logo_ecocert.png\" alt=\"Ecocert\" width=\"131\" height=\"94\" \/><\/p><p style=\"text-align: justify;\">\u00a0<\/p><p style=\"text-align: justify;\">Pour nos fili\u00e8res Bio, la totalit\u00e9 de nos produits sont certifi\u00e9s BIO et NOP via\u00a0<a href=\"http:\/\/www.ecocert.fr\/\" target=\"_blank\">ECOCERT<\/a><\/p>","_et_gb_content_width":"","inline_featured_image":false,"footnotes":""},"class_list":["post-114","page","type-page","status-publish","hentry"],"yoast_head":"<!-- This site is optimized with the Yoast SEO plugin v25.1 - https:\/\/yoast.com\/wordpress\/plugins\/seo\/ -->\n<title>Our quality controls, from the raw material to the Essential Oil<\/title>\n<meta name=\"description\" content=\"Jacarandas has developed rigorous control procedures specific to each essential oil, based on chemical and organoleptic analyses.\" \/>\n<meta name=\"robots\" content=\"index, follow, max-snippet:-1, max-image-preview:large, max-video-preview:-1\" \/>\n<link rel=\"canonical\" href=\"https:\/\/jacarandas-international.com\/en\/quality\/\" \/>\n<meta property=\"og:locale\" content=\"en_US\" \/>\n<meta property=\"og:type\" content=\"article\" \/>\n<meta property=\"og:title\" content=\"Our quality controls, from the raw material to the Essential Oil\" \/>\n<meta property=\"og:description\" content=\"Jacarandas has developed rigorous control procedures specific to each essential oil, based on chemical and organoleptic analyses.\" \/>\n<meta property=\"og:url\" content=\"https:\/\/jacarandas-international.com\/en\/quality\/\" \/>\n<meta property=\"og:site_name\" content=\"Jacarandas International\" \/>\n<meta property=\"article:modified_time\" content=\"2020-03-06T15:12:19+00:00\" \/>\n<meta property=\"og:image\" content=\"https:\/\/jacarandas-international.com\/wp-content\/uploads\/2012\/06\/jacarandaslogoFBheader.jpg\" \/>\n\t<meta property=\"og:image:width\" content=\"185\" \/>\n\t<meta property=\"og:image:height\" content=\"66\" \/>\n\t<meta property=\"og:image:type\" content=\"image\/jpeg\" \/>\n<meta name=\"twitter:label1\" content=\"Est. reading time\" \/>\n\t<meta name=\"twitter:data1\" content=\"8 minutes\" \/>\n<script type=\"application\/ld+json\" class=\"yoast-schema-graph\">{\"@context\":\"https:\/\/schema.org\",\"@graph\":[{\"@type\":\"WebPage\",\"@id\":\"https:\/\/jacarandas-international.com\/en\/quality\/\",\"url\":\"https:\/\/jacarandas-international.com\/en\/quality\/\",\"name\":\"Our quality controls, from the raw material to the Essential Oil\",\"isPartOf\":{\"@id\":\"https:\/\/jacarandas-international.com\/en\/#website\"},\"datePublished\":\"2012-05-24T08:43:44+00:00\",\"dateModified\":\"2020-03-06T15:12:19+00:00\",\"description\":\"Jacarandas has developed rigorous control procedures specific to each essential oil, based on chemical and organoleptic analyses.\",\"breadcrumb\":{\"@id\":\"https:\/\/jacarandas-international.com\/en\/quality\/#breadcrumb\"},\"inLanguage\":\"en-US\",\"potentialAction\":[{\"@type\":\"ReadAction\",\"target\":[\"https:\/\/jacarandas-international.com\/en\/quality\/\"]}]},{\"@type\":\"BreadcrumbList\",\"@id\":\"https:\/\/jacarandas-international.com\/en\/quality\/#breadcrumb\",\"itemListElement\":[{\"@type\":\"ListItem\",\"position\":1,\"name\":\"Home\",\"item\":\"https:\/\/jacarandas-international.com\/en\/\"},{\"@type\":\"ListItem\",\"position\":2,\"name\":\"Quality\"}]},{\"@type\":\"WebSite\",\"@id\":\"https:\/\/jacarandas-international.com\/en\/#website\",\"url\":\"https:\/\/jacarandas-international.com\/en\/\",\"name\":\"Jacarandas International\",\"description\":\"Huiles Essentielles de Madagascar\",\"potentialAction\":[{\"@type\":\"SearchAction\",\"target\":{\"@type\":\"EntryPoint\",\"urlTemplate\":\"https:\/\/jacarandas-international.com\/en\/?s={search_term_string}\"},\"query-input\":{\"@type\":\"PropertyValueSpecification\",\"valueRequired\":true,\"valueName\":\"search_term_string\"}}],\"inLanguage\":\"en-US\"}]}<\/script>\n<!-- \/ Yoast SEO plugin. -->","yoast_head_json":{"title":"Our quality controls, from the raw material to the Essential Oil","description":"Jacarandas has developed rigorous control procedures specific to each essential oil, based on chemical and organoleptic analyses.","robots":{"index":"index","follow":"follow","max-snippet":"max-snippet:-1","max-image-preview":"max-image-preview:large","max-video-preview":"max-video-preview:-1"},"canonical":"https:\/\/jacarandas-international.com\/en\/quality\/","og_locale":"en_US","og_type":"article","og_title":"Our quality controls, from the raw material to the Essential Oil","og_description":"Jacarandas has developed rigorous control procedures specific to each essential oil, based on chemical and organoleptic analyses.","og_url":"https:\/\/jacarandas-international.com\/en\/quality\/","og_site_name":"Jacarandas International","article_modified_time":"2020-03-06T15:12:19+00:00","og_image":[{"width":185,"height":66,"url":"https:\/\/jacarandas-international.com\/wp-content\/uploads\/2012\/06\/jacarandaslogoFBheader.jpg","type":"image\/jpeg"}],"twitter_misc":{"Est. reading time":"8 minutes"},"schema":{"@context":"https:\/\/schema.org","@graph":[{"@type":"WebPage","@id":"https:\/\/jacarandas-international.com\/en\/quality\/","url":"https:\/\/jacarandas-international.com\/en\/quality\/","name":"Our quality controls, from the raw material to the Essential Oil","isPartOf":{"@id":"https:\/\/jacarandas-international.com\/en\/#website"},"datePublished":"2012-05-24T08:43:44+00:00","dateModified":"2020-03-06T15:12:19+00:00","description":"Jacarandas has developed rigorous control procedures specific to each essential oil, based on chemical and organoleptic analyses.","breadcrumb":{"@id":"https:\/\/jacarandas-international.com\/en\/quality\/#breadcrumb"},"inLanguage":"en-US","potentialAction":[{"@type":"ReadAction","target":["https:\/\/jacarandas-international.com\/en\/quality\/"]}]},{"@type":"BreadcrumbList","@id":"https:\/\/jacarandas-international.com\/en\/quality\/#breadcrumb","itemListElement":[{"@type":"ListItem","position":1,"name":"Home","item":"https:\/\/jacarandas-international.com\/en\/"},{"@type":"ListItem","position":2,"name":"Quality"}]},{"@type":"WebSite","@id":"https:\/\/jacarandas-international.com\/en\/#website","url":"https:\/\/jacarandas-international.com\/en\/","name":"Jacarandas International","description":"Huiles Essentielles de Madagascar","potentialAction":[{"@type":"SearchAction","target":{"@type":"EntryPoint","urlTemplate":"https:\/\/jacarandas-international.com\/en\/?s={search_term_string}"},"query-input":{"@type":"PropertyValueSpecification","valueRequired":true,"valueName":"search_term_string"}}],"inLanguage":"en-US"}]}},"publishpress_future_action":{"enabled":false,"date":"2026-04-16 14:17:01","action":"change-status","newStatus":"draft","terms":[],"taxonomy":"translation_priority"},"publishpress_future_workflow_manual_trigger":{"enabledWorkflows":[]},"_links":{"self":[{"href":"https:\/\/jacarandas-international.com\/en\/wp-json\/wp\/v2\/pages\/114","targetHints":{"allow":["GET"]}}],"collection":[{"href":"https:\/\/jacarandas-international.com\/en\/wp-json\/wp\/v2\/pages"}],"about":[{"href":"https:\/\/jacarandas-international.com\/en\/wp-json\/wp\/v2\/types\/page"}],"author":[{"embeddable":true,"href":"https:\/\/jacarandas-international.com\/en\/wp-json\/wp\/v2\/users\/3"}],"replies":[{"embeddable":true,"href":"https:\/\/jacarandas-international.com\/en\/wp-json\/wp\/v2\/comments?post=114"}],"version-history":[{"count":19,"href":"https:\/\/jacarandas-international.com\/en\/wp-json\/wp\/v2\/pages\/114\/revisions"}],"predecessor-version":[{"id":3757,"href":"https:\/\/jacarandas-international.com\/en\/wp-json\/wp\/v2\/pages\/114\/revisions\/3757"}],"wp:attachment":[{"href":"https:\/\/jacarandas-international.com\/en\/wp-json\/wp\/v2\/media?parent=114"}],"curies":[{"name":"wp","href":"https:\/\/api.w.org\/{rel}","templated":true}]}}